{"id":247,"date":"2025-02-20T14:08:57","date_gmt":"2025-02-20T14:08:57","guid":{"rendered":"https:\/\/www.digestive-surgery2025.com\/?page_id=247"},"modified":"2025-05-02T09:32:14","modified_gmt":"2025-05-02T09:32:14","slug":"predaja-sazetaka","status":"publish","type":"page","link":"https:\/\/www.digestive-surgery2025.com\/index.php\/predaja-sazetaka\/","title":{"rendered":"Predaja sa\u017eetaka"},"content":{"rendered":"\t\t<div data-elementor-type=\"wp-page\" data-elementor-id=\"247\" class=\"elementor elementor-247\">\n\t\t\t\t<div class=\"elementor-element elementor-element-6102b22 e-flex e-con-boxed e-con e-parent\" data-id=\"6102b22\" data-element_type=\"container\" data-settings=\"{&quot;background_background&quot;:&quot;classic&quot;}\">\n\t\t\t\t\t<div class=\"e-con-inner\">\n\t\t\t\t\t<\/div>\n\t\t\t\t<\/div>\n\t\t<div class=\"elementor-element elementor-element-846716c e-con-full e-flex e-con e-parent\" data-id=\"846716c\" data-element_type=\"container\">\n\t\t\t\t<div class=\"elementor-element elementor-element-dcaa934 elementor-widget elementor-widget-heading\" data-id=\"dcaa934\" data-element_type=\"widget\" data-widget_type=\"heading.default\">\n\t\t\t\t<div class=\"elementor-widget-container\">\n\t\t\t\t\t<h2 class=\"elementor-heading-title elementor-size-default\"><div><span style=\"color: var( --e-global-color-primary );font-family: Roboto, sans-serif;font-size: 30px;font-weight: 300\">Upute za pisanje sa\u017eetaka<\/span><\/div><\/h2>\t\t\t\t<\/div>\n\t\t\t\t<\/div>\n\t\t<div class=\"elementor-element elementor-element-9225411 e-flex e-con-boxed e-con e-child\" data-id=\"9225411\" data-element_type=\"container\">\n\t\t\t\t\t<div class=\"e-con-inner\">\n\t\t\t\t<div class=\"elementor-element elementor-element-1ef4ada elementor-widget elementor-widget-text-editor\" data-id=\"1ef4ada\" data-element_type=\"widget\" data-widget_type=\"text-editor.default\">\n\t\t\t\t<div class=\"elementor-widget-container\">\n\t\t\t\t\t\t\t\t\t<p>Sudionici koji \u017eele odr\u017eati usmeno izlaganje ili prikazati e-poster moraju poslati sa\u017eetak koji \u0107e pregledati Znanstveni odbor. Sa\u017eeci trebaju biti napisani na hrvatskom jeziku, a bit \u0107e tiskani u suplementu indeksiranog \u010dasopisa \u201cActa Chirugica Croatica\u201d. Nakon primitka sa\u017eetka, Znanstveni odbor \u0107e odlu\u010diti o obliku prezentacije (usmeno izlaganje ili poster).<\/p><p><strong>Upute za pisanje sa\u017eetaka<\/strong><\/p><ul><li>sa\u017eetak molimo pisati na hrvatskom jeziku<\/li><li>opseg sa\u017eetka: do 350 rije\u010di<\/li><li>naslov sa\u017eetka pisati velikim slovima<\/li><li>ime i prezime autora i koautora bez titula<\/li><li>naziv institucije, grada i dr\u017eave autora i koautora<\/li><li>e-mail adresa autora<\/li><li>tekst znanstvenog sa\u017eetka: cilj, metode, rezultati, zaklju\u010dak<\/li><li>tekst stru\u010dnog sa\u017eetka: slobodna forma<\/li><li>navesti klju\u010dne rije\u010di<\/li><li>originalni sa\u017eeci ne\u0107e biti lektorirani \u2013 za jezi\u010dnu i sadr\u017eajnu ispravnost odgovara autor<\/li><li>prethodno objavljeni sa\u017eetak ne\u0107e biti prihva\u0107en<\/li><\/ul><p><strong>Upute za slanje sa\u017eetaka<\/strong><\/p><p>Sa\u017eetak molimo slati isklju\u010divo putem online obrasca na web stranici Konferencije.<\/p><h3 style=\"text-align: center;\">Rok za slanje sa\u017eetaka: 22<strong>. travnja 2025.<\/strong><\/h3>\t\t\t\t\t\t\t\t<\/div>\n\t\t\t\t<\/div>\n\t\t\t\t\t<\/div>\n\t\t\t\t<\/div>\n\t\t\t\t<div class=\"elementor-element elementor-element-1bff1a2 elementor-hidden-desktop elementor-hidden-tablet elementor-hidden-mobile elementor-widget elementor-widget-shortcode\" data-id=\"1bff1a2\" data-element_type=\"widget\" data-widget_type=\"shortcode.default\">\n\t\t\t\t<div class=\"elementor-widget-container\">\n\t\t\t\t\t\t\t<div class=\"elementor-shortcode\"><div class=\"wpforms-container wpforms-container-full wpf-center wpforms-render-modern\" id=\"wpforms-252\"><form id=\"wpforms-form-252\" class=\"wpforms-validate wpforms-form wpforms-ajax-form\" data-formid=\"252\" method=\"post\" enctype=\"multipart\/form-data\" action=\"\/index.php\/wp-json\/wp\/v2\/pages\/247\" data-token=\"07e5e057269207488ccbef1b51161fb9\" data-token-time=\"1777742256\"><noscript class=\"wpforms-error-noscript\">Please enable JavaScript in your browser to complete this form.<\/noscript><div class=\"wpforms-hidden\" id=\"wpforms-error-noscript\">Please enable JavaScript in your browser to complete this form.<\/div><div class=\"wpforms-field-container\"><div id=\"wpforms-252-field_1-container\" class=\"wpforms-field wpforms-field-name\" data-field-id=\"1\"><fieldset><legend class=\"wpforms-field-label\">Ime i prezime autora <span class=\"wpforms-required-label\" aria-hidden=\"true\">*<\/span><\/legend><div class=\"wpforms-field-row wpforms-field-large\"><div class=\"wpforms-field-row-block wpforms-first wpforms-one-half\"><input type=\"text\" id=\"wpforms-252-field_1\" class=\"wpforms-field-name-first wpforms-field-required\" name=\"wpforms[fields][1][first]\" aria-errormessage=\"wpforms-252-field_1-error\" required><label for=\"wpforms-252-field_1\" class=\"wpforms-field-sublabel after wpforms-sublabel-hide\">First<\/label><\/div><div class=\"wpforms-field-row-block wpforms-one-half\"><input type=\"text\" id=\"wpforms-252-field_1-last\" class=\"wpforms-field-name-last wpforms-field-required\" name=\"wpforms[fields][1][last]\" aria-errormessage=\"wpforms-252-field_1-last-error\" required><label for=\"wpforms-252-field_1-last\" class=\"wpforms-field-sublabel after wpforms-sublabel-hide\">Last<\/label><\/div><\/div><\/fieldset><\/div><div id=\"wpforms-252-field_2-container\" class=\"wpforms-field wpforms-field-text\" data-field-id=\"2\"><label class=\"wpforms-field-label\" for=\"wpforms-252-field_2\">Ustanova <span class=\"wpforms-required-label\" aria-hidden=\"true\">*<\/span><\/label><input type=\"text\" id=\"wpforms-252-field_2\" class=\"wpforms-field-large wpforms-field-required\" name=\"wpforms[fields][2]\" placeholder=\"npr. KBC Zagreb\" aria-errormessage=\"wpforms-252-field_2-error\" required><\/div><div id=\"wpforms-252-field_3-container\" class=\"wpforms-field wpforms-field-text\" data-field-id=\"3\"><label class=\"wpforms-field-label\" for=\"wpforms-252-field_3\">Telefonski broj <span class=\"wpforms-required-label\" aria-hidden=\"true\">*<\/span><\/label><input type=\"text\" id=\"wpforms-252-field_3\" class=\"wpforms-field-large wpforms-field-required\" name=\"wpforms[fields][3]\" placeholder=\"npr. +385 91 123 4567\" aria-errormessage=\"wpforms-252-field_3-error\" required><\/div><div id=\"wpforms-252-field_4-container\" class=\"wpforms-field wpforms-field-email\" data-field-id=\"4\"><fieldset><legend class=\"wpforms-field-label\">E-mail adresa <span class=\"wpforms-required-label\" aria-hidden=\"true\">*<\/span><\/legend><div class=\"wpforms-field-row wpforms-field-large\"><div class=\"wpforms-field-row-block wpforms-one-half wpforms-first\"><input type=\"email\" id=\"wpforms-252-field_4\" class=\"wpforms-field-required wpforms-field-email-primary\" name=\"wpforms[fields][4][primary]\" placeholder=\"E-mail adresa\" spellcheck=\"false\" aria-errormessage=\"wpforms-252-field_4-error\" required><label for=\"wpforms-252-field_4\" class=\"wpforms-field-sublabel after wpforms-sublabel-hide\">Email<\/label><\/div><div class=\"wpforms-field-row-block wpforms-one-half\"><input type=\"email\" id=\"wpforms-252-field_4-secondary\" class=\"wpforms-field-email-secondary wpforms-field-required\" data-rule-confirm=\"#wpforms-252-field_4\" name=\"wpforms[fields][4][secondary]\" placeholder=\"Potvrda e-mail adrese\" spellcheck=\"false\" aria-errormessage=\"wpforms-252-field_4-secondary-error\" required><label for=\"wpforms-252-field_4-secondary\" class=\"wpforms-field-sublabel after wpforms-sublabel-hide\">Confirm Email<\/label><\/div><\/div><\/fieldset><\/div><div id=\"wpforms-252-field_5-container\" class=\"wpforms-field wpforms-field-radio wpforms-list-2-columns wpforms-conditional-trigger\" data-field-id=\"5\"><fieldset><legend class=\"wpforms-field-label\">Kategorija sa\u017eetka <span class=\"wpforms-required-label\" aria-hidden=\"true\">*<\/span><\/legend><ul id=\"wpforms-252-field_5\" class=\"wpforms-field-required\"><li class=\"choice-1 depth-1\"><input type=\"radio\" id=\"wpforms-252-field_5_1\" name=\"wpforms[fields][5]\" value=\"16. KONGRES HRVATSKOG DRU\u0160TVA ZA DIGESTIVNU KIRUGIJU\" aria-errormessage=\"wpforms-252-field_5_1-error\" required ><label class=\"wpforms-field-label-inline\" for=\"wpforms-252-field_5_1\">16. KONGRES HRVATSKOG DRU\u0160TVA ZA DIGESTIVNU KIRUGIJU<\/label><\/li><li class=\"choice-2 depth-1\"><input type=\"radio\" id=\"wpforms-252-field_5_2\" name=\"wpforms[fields][5]\" value=\"5. KONGRES DRU\u0160TVA MEDICINSKIH SESTARA I TEHNI\u010cARA DIGESTIVNE KIRURGIJE\" aria-errormessage=\"wpforms-252-field_5_2-error\" required ><label class=\"wpforms-field-label-inline\" for=\"wpforms-252-field_5_2\">5. KONGRES DRU\u0160TVA MEDICINSKIH SESTARA I TEHNI\u010cARA DIGESTIVNE KIRURGIJE<\/label><\/li><\/ul><\/fieldset><\/div><div id=\"wpforms-252-field_6-container\" class=\"wpforms-field wpforms-field-select wpforms-conditional-field wpforms-conditional-show wpforms-field-select-style-modern\" data-field-id=\"6\" style=\"display:none;\"><label class=\"wpforms-field-label\" for=\"wpforms-252-field_6\">Tema <span class=\"wpforms-required-label\" aria-hidden=\"true\">*<\/span><\/label><select id=\"wpforms-252-field_6\" class=\"wpforms-field-large wpforms-field-required choicesjs-select\" data-size-class=\"wpforms-field-row wpforms-field-large\" data-search-enabled=\"1\" name=\"wpforms[fields][6]\" required=\"required\"><option value=\"\" class=\"placeholder\" disabled  selected='selected'>Odaberite temu sa\u017eetka iz padaju\u0107eg izbornika<\/option><option value=\"Hitna stanja u proktologiji\" >Hitna stanja u proktologiji<\/option><option value=\"MDT u lije\u010denju raka rektuma\" >MDT u lije\u010denju raka rektuma<\/option><option value=\"Video sekcija za specijalizante - moj najte\u017ei slu\u010daj\" >Video sekcija za specijalizante - moj najte\u017ei slu\u010daj<\/option><option value=\"Funkcionalne bolesti probavnog sustava\" >Funkcionalne bolesti probavnog sustava<\/option><option value=\"Prevencije infekcija kirur\u0161ke rane u abdominalnoj kirurgiji i intraabdominalne infekcije\" >Prevencije infekcija kirur\u0161ke rane u abdominalnoj kirurgiji i intraabdominalne infekcije<\/option><option value=\"Kirurgija jetre\" >Kirurgija jetre<\/option><option value=\"Robotska kirurgija u HR i nove tehnologije\" >Robotska kirurgija u HR i nove tehnologije<\/option><option value=\"ERAS i perioperativna priprema (zajedno s CroERAS dru\u0161tvom)\" >ERAS i perioperativna priprema (zajedno s CroERAS dru\u0161tvom)<\/option><\/select><\/div><div id=\"wpforms-252-field_7-container\" class=\"wpforms-field wpforms-field-select wpforms-conditional-field wpforms-conditional-show wpforms-field-select-style-modern\" data-field-id=\"7\" style=\"display:none;\"><label class=\"wpforms-field-label\" for=\"wpforms-252-field_7\">Tema <span class=\"wpforms-required-label\" aria-hidden=\"true\">*<\/span><\/label><select id=\"wpforms-252-field_7\" class=\"wpforms-field-large wpforms-field-required choicesjs-select\" data-size-class=\"wpforms-field-row wpforms-field-large\" data-search-enabled=\"\" name=\"wpforms[fields][7]\" required=\"required\"><option value=\"\" class=\"placeholder\" disabled  selected='selected'>Odaberite temu sa\u017eetka iz padaju\u0107eg izbornika<\/option><option value=\"Multidisciplinarni pristup u zdravstvenoj skrbi za digestivno - onkolo\u0161kog bolesnika\" >Multidisciplinarni pristup u zdravstvenoj skrbi za digestivno - onkolo\u0161kog bolesnika<\/option><option value=\"Kako do boljih ishoda zdravstvene skrbi\" >Kako do boljih ishoda zdravstvene skrbi<\/option><option value=\"Infekcije u abdominalnoj kirurgiji\" >Infekcije u abdominalnoj kirurgiji<\/option><option value=\"U\u010dinkovita komunikacija i upravljanje vremenom\" >U\u010dinkovita komunikacija i upravljanje vremenom<\/option><option value=\"Nove tehnologije u zdravstvenoj njezi\" >Nove tehnologije u zdravstvenoj njezi<\/option><option value=\"Prikaz slu\u010daja\" >Prikaz slu\u010daja<\/option><\/select><\/div><div id=\"wpforms-252-field_12-container\" class=\"wpforms-field wpforms-field-select wpforms-field-select-style-modern\" data-field-id=\"12\"><label class=\"wpforms-field-label\" for=\"wpforms-252-field_12\">Vrsta izlaganja <span class=\"wpforms-required-label\" aria-hidden=\"true\">*<\/span><\/label><select id=\"wpforms-252-field_12\" class=\"wpforms-field-large wpforms-field-required choicesjs-select\" data-size-class=\"wpforms-field-row wpforms-field-large\" data-search-enabled=\"\" name=\"wpforms[fields][12]\" required=\"required\"><option value=\"\" class=\"placeholder\" disabled  selected='selected'>Odaberite temu sa\u017eetka iz padaju\u0107eg izbornika<\/option><option value=\"Usmeno izlaganje\" >Usmeno izlaganje<\/option><option value=\"Poster Izlaganje\" >Poster Izlaganje<\/option><\/select><\/div><div id=\"wpforms-252-field_8-container\" class=\"wpforms-field wpforms-field-text\" data-field-id=\"8\"><label class=\"wpforms-field-label\" for=\"wpforms-252-field_8\">Naziv sa\u017eetka <span class=\"wpforms-required-label\" aria-hidden=\"true\">*<\/span><\/label><input type=\"text\" id=\"wpforms-252-field_8\" class=\"wpforms-field-large wpforms-field-required\" name=\"wpforms[fields][8]\" aria-errormessage=\"wpforms-252-field_8-error\" required><\/div><div id=\"wpforms-252-field_9-container\" class=\"wpforms-field wpforms-field-text\" data-field-id=\"9\"><label class=\"wpforms-field-label\" for=\"wpforms-252-field_9\">Koautori sa\u017eetka (Ostaviti prazno ukoliko ih nema. Ukoliko ima vi\u0161e koautora, molimo Vas da ime i prezime svakog koautora odvojite znakom &quot;,&quot; )<\/label><input type=\"text\" id=\"wpforms-252-field_9\" class=\"wpforms-field-large\" name=\"wpforms[fields][9]\" placeholder=\"npr. &quot;Ivan Horvat; Ivana Horvat; Iva Horvat&quot;\" aria-errormessage=\"wpforms-252-field_9-error\" ><\/div><div id=\"wpforms-252-field_10-container\" class=\"wpforms-field wpforms-field-textarea\" data-field-id=\"10\"><label class=\"wpforms-field-label\" for=\"wpforms-252-field_10\">Sa\u017eetak <span class=\"wpforms-required-label\" aria-hidden=\"true\">*<\/span><\/label><textarea id=\"wpforms-252-field_10\" class=\"wpforms-field-medium wpforms-field-required\" name=\"wpforms[fields][10]\" aria-errormessage=\"wpforms-252-field_10-error\" required><\/textarea><\/div><div id=\"wpforms-252-field_11-container\" class=\"wpforms-field wpforms-field-text\" data-field-id=\"11\"><label class=\"wpforms-field-label\" for=\"wpforms-252-field_11\">Klju\u010dne rije\u010di (Molimo Vas da klju\u010dne rije\u010di odvojite znakom &quot;;&quot;) <span class=\"wpforms-required-label\" aria-hidden=\"true\">*<\/span><\/label><input type=\"text\" id=\"wpforms-252-field_11\" class=\"wpforms-field-large wpforms-field-required\" name=\"wpforms[fields][11]\" placeholder=\"npr. &quot;Kirurgija; MDT; Kongres&quot;\" aria-errormessage=\"wpforms-252-field_11-error\" required><\/div><\/div><!-- .wpforms-field-container --><div class=\"wpforms-submit-container\" ><input type=\"hidden\" name=\"wpforms[id]\" value=\"252\"><input type=\"hidden\" name=\"page_title\" value=\"\"><input type=\"hidden\" name=\"page_url\" value=\"https:\/\/www.digestive-surgery2025.com\/index.php\/wp-json\/wp\/v2\/pages\/247\"><button type=\"submit\" name=\"wpforms[submit]\" id=\"wpforms-submit-252\" class=\"wpforms-submit wpf-center\" data-alt-text=\"Slanje...\" data-submit-text=\"Predaj sa\u017eetak\" aria-live=\"assertive\" value=\"wpforms-submit\">Predaj sa\u017eetak<\/button><img decoding=\"async\" src=\"https:\/\/www.digestive-surgery2025.com\/wp-content\/plugins\/wpforms\/assets\/images\/submit-spin.svg\" class=\"wpforms-submit-spinner\" style=\"display: none;\" width=\"26\" height=\"26\" alt=\"Loading\"><\/div><\/form><\/div>  <!-- .wpforms-container --><\/div>\n\t\t\t\t\t\t<\/div>\n\t\t\t\t<\/div>\n\t\t\t\t<div class=\"elementor-element elementor-element-3304c90 elementor-widget elementor-widget-image\" data-id=\"3304c90\" data-element_type=\"widget\" data-widget_type=\"image.default\">\n\t\t\t\t<div class=\"elementor-widget-container\">\n\t\t\t\t\t\t\t\t\t\t\t\t\t\t\t<img decoding=\"async\" width=\"1920\" height=\"25\" src=\"https:\/\/www.digestive-surgery2025.com\/wp-content\/uploads\/2025\/02\/Divider-1-1920px-x-25px.png\" class=\"attachment-full size-full wp-image-159\" alt=\"\" srcset=\"https:\/\/www.digestive-surgery2025.com\/wp-content\/uploads\/2025\/02\/Divider-1-1920px-x-25px.png 1920w, https:\/\/www.digestive-surgery2025.com\/wp-content\/uploads\/2025\/02\/Divider-1-1920px-x-25px-300x4.png 300w, https:\/\/www.digestive-surgery2025.com\/wp-content\/uploads\/2025\/02\/Divider-1-1920px-x-25px-1024x13.png 1024w, https:\/\/www.digestive-surgery2025.com\/wp-content\/uploads\/2025\/02\/Divider-1-1920px-x-25px-768x10.png 768w, https:\/\/www.digestive-surgery2025.com\/wp-content\/uploads\/2025\/02\/Divider-1-1920px-x-25px-1536x20.png 1536w\" sizes=\"(max-width: 1920px) 100vw, 1920px\" \/>\t\t\t\t\t\t\t\t\t\t\t\t\t\t\t<\/div>\n\t\t\t\t<\/div>\n\t\t\t\t<\/div>\n\t\t\t\t<\/div>\n\t\t","protected":false},"excerpt":{"rendered":"<p>Upute za pisanje sa\u017eetaka Sudionici koji \u017eele odr\u017eati usmeno izlaganje ili prikazati e-poster moraju poslati sa\u017eetak koji \u0107e pregledati Znanstveni odbor. Sa\u017eeci trebaju biti napisani na hrvatskom jeziku, a bit \u0107e tiskani u suplementu indeksiranog \u010dasopisa \u201cActa Chirugica Croatica\u201d. Nakon primitka sa\u017eetka, Znanstveni odbor \u0107e odlu\u010diti o obliku prezentacije (usmeno izlaganje ili poster). Upute za [&hellip;]<\/p>\n","protected":false},"author":1,"featured_media":0,"parent":0,"menu_order":0,"comment_status":"closed","ping_status":"closed","template":"elementor_header_footer","meta":{"footnotes":""},"class_list":["post-247","page","type-page","status-publish","hentry","entry"],"_links":{"self":[{"href":"https:\/\/www.digestive-surgery2025.com\/index.php\/wp-json\/wp\/v2\/pages\/247","targetHints":{"allow":["GET"]}}],"collection":[{"href":"https:\/\/www.digestive-surgery2025.com\/index.php\/wp-json\/wp\/v2\/pages"}],"about":[{"href":"https:\/\/www.digestive-surgery2025.com\/index.php\/wp-json\/wp\/v2\/types\/page"}],"author":[{"embeddable":true,"href":"https:\/\/www.digestive-surgery2025.com\/index.php\/wp-json\/wp\/v2\/users\/1"}],"replies":[{"embeddable":true,"href":"https:\/\/www.digestive-surgery2025.com\/index.php\/wp-json\/wp\/v2\/comments?post=247"}],"version-history":[{"count":16,"href":"https:\/\/www.digestive-surgery2025.com\/index.php\/wp-json\/wp\/v2\/pages\/247\/revisions"}],"predecessor-version":[{"id":338,"href":"https:\/\/www.digestive-surgery2025.com\/index.php\/wp-json\/wp\/v2\/pages\/247\/revisions\/338"}],"wp:attachment":[{"href":"https:\/\/www.digestive-surgery2025.com\/index.php\/wp-json\/wp\/v2\/media?parent=247"}],"curies":[{"name":"wp","href":"https:\/\/api.w.org\/{rel}","templated":true}]}}